{"id":1928,"date":"2021-04-20T16:05:44","date_gmt":"2021-04-20T14:05:44","guid":{"rendered":"https:\/\/momentumcoaching.es\/willkommen-bei-momentum-coaching-mentoring\/"},"modified":"2021-04-20T16:05:56","modified_gmt":"2021-04-20T14:05:56","slug":"willkommen-bei-momentum-coaching-mentoring","status":"publish","type":"page","link":"https:\/\/momentumcoaching.es\/de\/willkommen-bei-momentum-coaching-mentoring\/","title":{"rendered":"Willkommen bei MOMENTUM Coaching &amp; Mentoring"},"content":{"rendered":"\t\t<div data-elementor-type=\"wp-page\" data-elementor-id=\"1928\" class=\"elementor elementor-1928 elementor-4\">\n\t\t\t\t\t\t<section class=\"elementor-section elementor-top-section elementor-element elementor-element-44466ccd elementor-section-boxed elementor-section-height-default elementor-section-height-default\" data-id=\"44466ccd\" data-element_type=\"section\" data-e-type=\"section\">\n\t\t\t\t\t\t<div class=\"elementor-container elementor-column-gap-default\">\n\t\t\t\t\t<div class=\"elementor-column elementor-col-100 elementor-top-column elementor-element elementor-element-58b8a66d\" data-id=\"58b8a66d\" data-element_type=\"column\" data-e-type=\"column\">\n\t\t\t<div class=\"elementor-widget-wrap elementor-element-populated\">\n\t\t\t\t\t\t<div class=\"elementor-element elementor-element-595ad01 elementor-widget elementor-widget-heading\" data-id=\"595ad01\" data-element_type=\"widget\" data-e-type=\"widget\" data-widget_type=\"heading.default\">\n\t\t\t\t<div class=\"elementor-widget-container\">\n\t\t\t\t\t<h2 class=\"elementor-heading-title elementor-size-default\">BEWUSSTSEIN, PERSPEKTIVE, ENTSCHEIDUNG und ERGEBNIS <\/h2>\t\t\t\t<\/div>\n\t\t\t\t<\/div>\n\t\t\t\t<div class=\"elementor-element elementor-element-7e84199 elementor-widget elementor-widget-heading\" data-id=\"7e84199\" data-element_type=\"widget\" data-e-type=\"widget\" data-widget_type=\"heading.default\">\n\t\t\t\t<div class=\"elementor-widget-container\">\n\t\t\t\t\t<h2 class=\"elementor-heading-title elementor-size-default\">WILLKOMMEN ZU EINEM NEUEN ANSATZ<\/h2>\t\t\t\t<\/div>\n\t\t\t\t<\/div>\n\t\t\t\t<div class=\"elementor-element elementor-element-42f7529b elementor-widget elementor-widget-text-editor\" data-id=\"42f7529b\" data-element_type=\"widget\" data-e-type=\"widget\" data-widget_type=\"text-editor.default\">\n\t\t\t\t<div class=\"elementor-widget-container\">\n\t\t\t\t\t\t\t\t\t<p>Heutzutage gibt es mehrere Counseling-, Coaching- und Mentoring-Programme, die jeweils darauf abzielen, unterschiedliche Ressourcen und L\u00f6sungen bereitzustellen, um unsere F\u00e4higkeit zu effektivem Handeln, pers\u00f6nlichem und beruflichem Wachstum zu erh\u00f6hen und zu verbessern, Widrigkeiten zu \u00fcberwinden, Konflikte zu l\u00f6sen und eine Vielzahl von M\u00f6glichkeiten, um noch besser zu werden, als Menschen und Fachkr\u00e4fte, um besser zu leben, gl\u00fccklicher zu sein, eine erf\u00fcllte Existenz voller Sinn und Zweck im Leben zu haben&#8230;<\/p>\n<p>Bei MOMENTum Coaching &amp; Mentoring teilen Counseling, Coaching und Mentoring das gemeinsame Ziel, die pers\u00f6nliche Verbesserung und das Wachstum des Einzelnen, einschlie\u00dflich seines Denkens, Empfindens und Verhaltens, sowie seine pers\u00f6nliche Entwicklung in den verschiedensten Lebensbereichen zu f\u00f6rdern.<\/p>\n\t\t\t\t\t\t\t\t<\/div>\n\t\t\t\t<\/div>\n\t\t\t\t<div class=\"elementor-element elementor-element-3c01a12 elementor-widget elementor-widget-heading\" data-id=\"3c01a12\" data-element_type=\"widget\" data-e-type=\"widget\" data-widget_type=\"heading.default\">\n\t\t\t\t<div class=\"elementor-widget-container\">\n\t\t\t\t\t<h2 class=\"elementor-heading-title elementor-size-default\">In Momentum stellen sie keine exklusiven, sich ausschiessenden Alternativen dar, sondern sind aufeinanderfolgend, sequentiell und komplement\u00e4r.<\/h2>\t\t\t\t<\/div>\n\t\t\t\t<\/div>\n\t\t\t\t<div class=\"elementor-element elementor-element-ec2c680 elementor-widget elementor-widget-image\" data-id=\"ec2c680\" data-element_type=\"widget\" data-e-type=\"widget\" data-widget_type=\"image.default\">\n\t\t\t\t<div class=\"elementor-widget-container\">\n\t\t\t\t\t\t\t\t\t\t\t\t\t\t\t<img fetchpriority=\"high\" decoding=\"async\" width=\"436\" height=\"408\" src=\"https:\/\/momentumcoaching.es\/wp-content\/uploads\/2021\/03\/Graf-CoCoMe-640.png\" class=\"attachment-large size-large wp-image-1815\" alt=\"\" srcset=\"https:\/\/momentumcoaching.es\/wp-content\/uploads\/2021\/03\/Graf-CoCoMe-640.png 436w, https:\/\/momentumcoaching.es\/wp-content\/uploads\/2021\/03\/Graf-CoCoMe-640-300x281.png 300w\" sizes=\"(max-width: 436px) 100vw, 436px\" \/>\t\t\t\t\t\t\t\t\t\t\t\t\t\t\t<\/div>\n\t\t\t\t<\/div>\n\t\t\t\t<div class=\"elementor-element elementor-element-dc31291 elementor-widget elementor-widget-text-editor\" data-id=\"dc31291\" data-element_type=\"widget\" data-e-type=\"widget\" data-widget_type=\"text-editor.default\">\n\t\t\t\t<div class=\"elementor-widget-container\">\n\t\t\t\t\t\t\t\t\t<p>Der Ansatz dieser drei Arten von Beziehungen ist nicht nur &#8222;therapeutisch&#8220;, im Gegensatz zur Psychotherapie (abgeleitet aus dem medizinischen Modell und Verfolgung der Heilung einer Krankheit), sondern &#8222;pragmatisch&#8220; und auf praktische Ergebnisse ausgerichtet.<\/p>\n<p>Ebenso zielt unser integriertes Counseling-, Coaching- und Mentoring-Modell auf die pers\u00f6nliche Entwicklung und das Wachstum ab, w\u00e4hrend in der Psychotherapie die Umstrukturierung der Pers\u00f6nlichkeit angestrebt wird, um eine bessere Anpassung an die Realit\u00e4t des Patienten zu erreichen.<\/p>\n<p>Es ist offensichtlich, dass die erzielten Ergebnisse der Forschung in den letzten Jahrzehnten die et\u00e4tigung erm\u00f6glichen, dass diese drei Arten von Beziehungen komplement\u00e4re Rollen erf\u00fcllen k\u00f6nnen, wenn die Anwendung von den Anliegen und besonderen Bed\u00fcrfnissen jeder Person, Gruppe oder Organisation ber\u00fccksichtigt werden. <\/p>\n\t\t\t\t\t\t\t\t<\/div>\n\t\t\t\t<\/div>\n\t\t\t\t\t<\/div>\n\t\t<\/div>\n\t\t\t\t\t<\/div>\n\t\t<\/section>\n\t\t\t\t<\/div>\n\t\t","protected":false},"excerpt":{"rendered":"<p>BEWUSSTSEIN, PERSPEKTIVE, ENTSCHEIDUNG und ERGEBNIS WILLKOMMEN ZU EINEM NEUEN ANSATZ Heutzutage gibt es mehrere Counseling-, Coaching- und Mentoring-Programme, die jeweils darauf abzielen, unterschiedliche Ressourcen und L\u00f6sungen bereitzustellen, um unsere F\u00e4higkeit zu effektivem Handeln, pers\u00f6nlichem und beruflichem Wachstum zu erh\u00f6hen und zu verbessern, Widrigkeiten zu \u00fcberwinden, Konflikte zu l\u00f6sen und eine Vielzahl von M\u00f6glichkeiten, um noch [&hellip;]<\/p>\n","protected":false},"author":1,"featured_media":0,"parent":0,"menu_order":0,"comment_status":"closed","ping_status":"closed","template":"elementor_header_footer","meta":{"ocean_post_layout":"","ocean_both_sidebars_style":"","ocean_both_sidebars_content_width":0,"ocean_both_sidebars_sidebars_width":0,"ocean_sidebar":"0","ocean_second_sidebar":"0","ocean_disable_margins":"enable","ocean_add_body_class":"","ocean_shortcode_before_top_bar":"","ocean_shortcode_after_top_bar":"","ocean_shortcode_before_header":"","ocean_shortcode_after_header":"","ocean_has_shortcode":"","ocean_shortcode_after_title":"","ocean_shortcode_before_footer_widgets":"","ocean_shortcode_after_footer_widgets":"","ocean_shortcode_before_footer_bottom":"","ocean_shortcode_after_footer_bottom":"","ocean_display_top_bar":"default","ocean_display_header":"default","ocean_header_style":"","ocean_center_header_left_menu":"0","ocean_custom_header_template":"0","ocean_custom_logo":0,"ocean_custom_retina_logo":0,"ocean_custom_logo_max_width":0,"ocean_custom_logo_tablet_max_width":0,"ocean_custom_logo_mobile_max_width":0,"ocean_custom_logo_max_height":0,"ocean_custom_logo_tablet_max_height":0,"ocean_custom_logo_mobile_max_height":0,"ocean_header_custom_menu":"0","ocean_menu_typo_font_family":"0","ocean_menu_typo_font_subset":"","ocean_menu_typo_font_size":0,"ocean_menu_typo_font_size_tablet":0,"ocean_menu_typo_font_size_mobile":0,"ocean_menu_typo_font_size_unit":"px","ocean_menu_typo_font_weight":"","ocean_menu_typo_font_weight_tablet":"","ocean_menu_typo_font_weight_mobile":"","ocean_menu_typo_transform":"","ocean_menu_typo_transform_tablet":"","ocean_menu_typo_transform_mobile":"","ocean_menu_typo_line_height":0,"ocean_menu_typo_line_height_tablet":0,"ocean_menu_typo_line_height_mobile":0,"ocean_menu_typo_line_height_unit":"","ocean_menu_typo_spacing":0,"ocean_menu_typo_spacing_tablet":0,"ocean_menu_typo_spacing_mobile":0,"ocean_menu_typo_spacing_unit":"","ocean_menu_link_color":"","ocean_menu_link_color_hover":"","ocean_menu_link_color_active":"","ocean_menu_link_background":"","ocean_menu_link_hover_background":"","ocean_menu_link_active_background":"","ocean_menu_social_links_bg":"","ocean_menu_social_hover_links_bg":"","ocean_menu_social_links_color":"","ocean_menu_social_hover_links_color":"","ocean_disable_title":"on","ocean_disable_heading":"default","ocean_post_title":"","ocean_post_subheading":"","ocean_post_title_style":"","ocean_post_title_background_color":"","ocean_post_title_background":0,"ocean_post_title_bg_image_position":"","ocean_post_title_bg_image_attachment":"","ocean_post_title_bg_image_repeat":"","ocean_post_title_bg_image_size":"","ocean_post_title_height":0,"ocean_post_title_bg_overlay":0.5,"ocean_post_title_bg_overlay_color":"","ocean_disable_breadcrumbs":"default","ocean_breadcrumbs_color":"","ocean_breadcrumbs_separator_color":"","ocean_breadcrumbs_links_color":"","ocean_breadcrumbs_links_hover_color":"","ocean_display_footer_widgets":"default","ocean_display_footer_bottom":"default","ocean_custom_footer_template":"0","footnotes":""},"class_list":["post-1928","page","type-page","status-publish","hentry","entry"],"_links":{"self":[{"href":"https:\/\/momentumcoaching.es\/de\/wp-json\/wp\/v2\/pages\/1928","targetHints":{"allow":["GET"]}}],"collection":[{"href":"https:\/\/momentumcoaching.es\/de\/wp-json\/wp\/v2\/pages"}],"about":[{"href":"https:\/\/momentumcoaching.es\/de\/wp-json\/wp\/v2\/types\/page"}],"author":[{"embeddable":true,"href":"https:\/\/momentumcoaching.es\/de\/wp-json\/wp\/v2\/users\/1"}],"replies":[{"embeddable":true,"href":"https:\/\/momentumcoaching.es\/de\/wp-json\/wp\/v2\/comments?post=1928"}],"version-history":[{"count":4,"href":"https:\/\/momentumcoaching.es\/de\/wp-json\/wp\/v2\/pages\/1928\/revisions"}],"predecessor-version":[{"id":1933,"href":"https:\/\/momentumcoaching.es\/de\/wp-json\/wp\/v2\/pages\/1928\/revisions\/1933"}],"wp:attachment":[{"href":"https:\/\/momentumcoaching.es\/de\/wp-json\/wp\/v2\/media?parent=1928"}],"curies":[{"name":"wp","href":"https:\/\/api.w.org\/{rel}","templated":true}]}}